{"id":14,"date":"2025-02-09T23:29:32","date_gmt":"2025-02-09T22:29:32","guid":{"rendered":"http:\/\/ateliermanucure.com\/WP\/?page_id=14"},"modified":"2026-02-10T21:14:39","modified_gmt":"2026-02-10T20:14:39","slug":"contact","status":"publish","type":"page","link":"https:\/\/www.lateliersignature73.com\/?page_id=14","title":{"rendered":"Contactez-nous"},"content":{"rendered":"\n<blockquote class=\"wp-block-quote is-layout-flow wp-block-quote-is-layout-flow\">\n<p>Bienvenue sur la page de contact de <strong>L&rsquo;Atelier Signature<\/strong>, l&rsquo;endroit o\u00f9 chaque d\u00e9tail est pens\u00e9 pour sublimer votre beaut\u00e9 et vous offrir une exp\u00e9rience unique. Nous sommes l\u00e0 pour r\u00e9pondre \u00e0 toutes vos questions et vous aider \u00e0 personnaliser votre rendez-vous selon vos besoins.<\/p>\n\n\n\n<p><strong>Adresse :<\/strong> <\/p>\n\n\n\n<p>765 Avenue des Landiers &#8211; Immeuble le Land&rsquo;Art &#8211; 2\u00e8me \u00e9tage &#8211; 73000 CHAMBERY<\/p>\n\n\n\n<p><strong>Horaires d\u2019ouverture :<\/strong><br><strong><em>Semaine paire :<\/em><\/strong><\/p>\n\n\n\n<div class=\"wp-block-group is-layout-grid wp-container-core-group-is-layout-9649a0d9 wp-block-group-is-layout-grid\">\n<p>Lundi Ferm\u00e9<\/p>\n\n\n\n<p>Mardi 8h40 &#8211; 16h30<\/p>\n\n\n\n<p>Mercredi et Jeudi  8h40 &#8211; 19h<\/p>\n\n\n\n<p>Vendredi 8h40 &#8211; 18h30<\/p>\n\n\n\n<p>Samedi : 8h30 &#8211; 17h30<\/p>\n\n\n\n<p>Dimanche : Ferm\u00e9<\/p>\n<\/div>\n\n\n\n<p><strong><em>Semaine impaire :<\/em><\/strong><\/p>\n\n\n\n<div class=\"wp-block-group is-layout-grid wp-container-core-group-is-layout-9649a0d9 wp-block-group-is-layout-grid\">\n<p>Lundi 8h30 &#8211; 16h30<\/p>\n\n\n\n<p>Mardi 8h40 &#8211; 16h30<\/p>\n\n\n\n<p>Mercredi et Jeudi  8h40 &#8211; 19h<\/p>\n\n\n\n<p>Vendredi 8h40 &#8211; 18h30<\/p>\n\n\n\n<p>Samedi : Ferm\u00e9<\/p>\n\n\n\n<p>Dimanche : Ferm\u00e9<\/p>\n<\/div>\n\n\n\n<p><\/p>\n\n\n\n<p><strong>T\u00e9l\u00e9phone :<\/strong><br>07.61.49.36.75<\/p>\n\n\n\n<p><strong>Email :<\/strong><br>ateliermanucure73@gmail.com<\/p>\n\n\n\n<p><strong>Prendre un rendez-vous :<\/strong><br>Pour r\u00e9server votre cr\u00e9neau, il vous suffit de cliquer sur le lien ci-dessous et de suivre les \u00e9tapes de prise de rendez-vous via <strong>Booksy<\/strong> :<br><a href=\"https:\/\/booksy.com\/fr-fr\/51845_l-atelier-signature_instituts-de-beaute_123421_bassens#ba_s=sh_1oksy.com\/widget\/code.js?id=51845&amp;country=fr&amp;lang=fr&quot;&gt;&lt;\\\/script&gt;hambery\" target=\"_blank\" rel=\"noreferrer noopener\"><strong>R\u00e9servez votre rendez-vous ici<\/strong><\/a><\/p>\n\n\n\n<p><strong>Suivez-nous sur les r\u00e9seaux sociaux :<\/strong><br>Restez connect\u00e9s et d\u00e9couvrez nos derni\u00e8res cr\u00e9ations et promotions en nous suivant sur :<\/p>\n\n\n\n<ul class=\"wp-block-list\">\n<li><a href=\"https:\/\/www.instagram.com\/atelier_signature73\/\" target=\"_blank\" rel=\"noreferrer noopener\">Lien Instagram<\/a><\/li>\n\n\n\n<li><a href=\"https:\/\/www.facebook.com\/calisti.flora\" data-type=\"link\" data-id=\"https:\/\/www.facebook.com\/calisti.flora\" target=\"_blank\" rel=\"noreferrer noopener\">Lien Facebook<\/a><\/li>\n\n\n\n<li><a href=\"https:\/\/www.tiktok.com\/@ateliersignature73\" data-type=\"link\" data-id=\"https:\/\/www.facebook.com\/calisti.flora\" target=\"_blank\" rel=\"noreferrer noopener\">Lien Tik Tok<\/a><\/li>\n<\/ul>\n\n\n\n<p>Nous sommes impatients de vous accueillir \u00e0 <strong>L&rsquo;Atelier Signature<\/strong>, o\u00f9 chaque d\u00e9tail compte pour vous offrir une exp\u00e9rience unique et personnalis\u00e9e.<\/p>\n<\/blockquote>\n\n\n<style id=\"wpforms-css-vars-445-block-dd284bf0-55fe-4b1d-8c5b-09166cbe3534\">\n\t\t\t\t#wpforms-445.wpforms-block-dd284bf0-55fe-4b1d-8c5b-09166cbe3534 {\n\t\t\t\t--wpforms-field-size-input-height: 43px;\n--wpforms-field-size-input-spacing: 15px;\n--wpforms-field-size-font-size: 16px;\n--wpforms-field-size-line-height: 19px;\n--wpforms-field-size-padding-h: 14px;\n--wpforms-field-size-checkbox-size: 16px;\n--wpforms-field-size-sublabel-spacing: 5px;\n--wpforms-field-size-icon-size: 1;\n--wpforms-label-size-font-size: 16px;\n--wpforms-label-size-line-height: 19px;\n--wpforms-label-size-sublabel-font-size: 14px;\n--wpforms-label-size-sublabel-line-height: 17px;\n--wpforms-button-size-font-size: 17px;\n--wpforms-button-size-height: 41px;\n--wpforms-button-size-padding-h: 15px;\n--wpforms-button-size-margin-top: 10px;\n\t\t\t}\n\t\t\t<\/style><div class=\"wpforms-container wpforms-container-full wpforms-block wpforms-block-dd284bf0-55fe-4b1d-8c5b-09166cbe3534 wpforms-render-modern\" id=\"wpforms-445\"><form id=\"wpforms-form-445\" class=\"wpforms-validate wpforms-form wpforms-ajax-form\" data-formid=\"445\" method=\"post\" enctype=\"multipart\/form-data\" action=\"\/index.php?rest_route=%2Fwp%2Fv2%2Fpages%2F14\" data-token=\"792502c8ca0626f0b4cf17f3ee984619\" data-token-time=\"1776344276\"><noscript class=\"wpforms-error-noscript\">Veuillez activer JavaScript dans votre navigateur pour remplir ce formulaire.<\/noscript><div id=\"wpforms-error-noscript\" style=\"display: none;\">Veuillez activer JavaScript dans votre navigateur pour remplir ce formulaire.<\/div><div class=\"wpforms-field-container\"><div id=\"wpforms-445-field_3-container\" class=\"wpforms-field wpforms-field-name\" data-field-id=\"3\"><fieldset><legend class=\"wpforms-field-label\">Nom <span class=\"wpforms-required-label\" aria-hidden=\"true\">*<\/span><\/legend><div class=\"wpforms-field-row wpforms-field-medium\"><div class=\"wpforms-field-row-block wpforms-first wpforms-one-half\"><input type=\"text\" id=\"wpforms-445-field_3\" class=\"wpforms-field-name-first wpforms-field-required\" name=\"wpforms[fields][3][first]\" aria-errormessage=\"wpforms-445-field_3-error\" required><label for=\"wpforms-445-field_3\" class=\"wpforms-field-sublabel after\">Pr\u00e9nom<\/label><\/div><div class=\"wpforms-field-row-block wpforms-one-half\"><input type=\"text\" id=\"wpforms-445-field_3-last\" class=\"wpforms-field-name-last wpforms-field-required\" name=\"wpforms[fields][3][last]\" aria-errormessage=\"wpforms-445-field_3-last-error\" required><label for=\"wpforms-445-field_3-last\" class=\"wpforms-field-sublabel after\">Nom<\/label><\/div><\/div><\/fieldset><\/div>\t\t<div id=\"wpforms-445-field_1-container\"\n\t\t\tclass=\"wpforms-field wpforms-field-text\"\n\t\t\tdata-field-type=\"text\"\n\t\t\tdata-field-id=\"1\"\n\t\t\t>\n\t\t\t<label class=\"wpforms-field-label\" for=\"wpforms-445-field_1\" >nous E-mail demande<\/label>\n\t\t\t<input type=\"text\" id=\"wpforms-445-field_1\" class=\"wpforms-field-medium\" name=\"wpforms[fields][1]\" >\n\t\t<\/div>\n\t\t<div id=\"wpforms-445-field_4-container\" class=\"wpforms-field wpforms-field-email\" data-field-id=\"4\"><fieldset><legend class=\"wpforms-field-label\">E-mail <span class=\"wpforms-required-label\" aria-hidden=\"true\">*<\/span><\/legend><div class=\"wpforms-field-row wpforms-field-medium\"><div class=\"wpforms-field-row-block wpforms-one-half wpforms-first\"><input type=\"email\" id=\"wpforms-445-field_4\" class=\"wpforms-field-required wpforms-field-email-primary\" name=\"wpforms[fields][4][primary]\" spellcheck=\"false\" aria-errormessage=\"wpforms-445-field_4-error\" required><label for=\"wpforms-445-field_4\" class=\"wpforms-field-sublabel after\">E-mail<\/label><\/div><div class=\"wpforms-field-row-block wpforms-one-half\"><input type=\"email\" id=\"wpforms-445-field_4-secondary\" class=\"wpforms-field-email-secondary wpforms-field-required\" data-rule-confirm=\"#wpforms-445-field_4\" name=\"wpforms[fields][4][secondary]\" spellcheck=\"false\" aria-errormessage=\"wpforms-445-field_4-secondary-error\" required><label for=\"wpforms-445-field_4-secondary\" class=\"wpforms-field-sublabel after\">Confirmez l\u2019e-mail<\/label><\/div><\/div><\/fieldset><\/div><div id=\"wpforms-445-field_5-container\" class=\"wpforms-field wpforms-field-text\" data-field-id=\"5\"><label class=\"wpforms-field-label\" for=\"wpforms-445-field_5\">T\u00e9l\u00e9phone <span class=\"wpforms-required-label\" aria-hidden=\"true\">*<\/span><\/label><input type=\"text\" id=\"wpforms-445-field_5\" class=\"wpforms-field-medium wpforms-field-required\" name=\"wpforms[fields][5]\" aria-errormessage=\"wpforms-445-field_5-error\" required><\/div><div id=\"wpforms-445-field_7-container\" class=\"wpforms-field wpforms-field-radio\" data-field-id=\"7\"><fieldset><legend class=\"wpforms-field-label\">Vous nous contactez pour : <span class=\"wpforms-required-label\" aria-hidden=\"true\">*<\/span><\/legend><ul id=\"wpforms-445-field_7\" class=\"wpforms-field-required\"><li class=\"choice-1 depth-1\"><input type=\"radio\" id=\"wpforms-445-field_7_1\" name=\"wpforms[fields][7]\" value=\"Onglerie\" aria-errormessage=\"wpforms-445-field_7_1-error\" required ><label class=\"wpforms-field-label-inline\" for=\"wpforms-445-field_7_1\">Onglerie<\/label><\/li><li class=\"choice-2 depth-1\"><input type=\"radio\" id=\"wpforms-445-field_7_2\" name=\"wpforms[fields][7]\" value=\"Soins Esth\u00e9tiques\" aria-errormessage=\"wpforms-445-field_7_2-error\" required ><label class=\"wpforms-field-label-inline\" for=\"wpforms-445-field_7_2\">Soins Esth\u00e9tiques<\/label><\/li><li class=\"choice-3 depth-1\"><input type=\"radio\" id=\"wpforms-445-field_7_3\" name=\"wpforms[fields][7]\" value=\"Beaut\u00e9 du regard\" aria-errormessage=\"wpforms-445-field_7_3-error\" required ><label class=\"wpforms-field-label-inline\" for=\"wpforms-445-field_7_3\">Beaut\u00e9 du regard<\/label><\/li><li class=\"choice-4 depth-1\"><input type=\"radio\" id=\"wpforms-445-field_7_4\" name=\"wpforms[fields][7]\" value=\"Epilations\" aria-errormessage=\"wpforms-445-field_7_4-error\" required ><label class=\"wpforms-field-label-inline\" for=\"wpforms-445-field_7_4\">Epilations<\/label><\/li><li class=\"choice-5 depth-1\"><input type=\"radio\" id=\"wpforms-445-field_7_5\" name=\"wpforms[fields][7]\" value=\"Autre\" aria-errormessage=\"wpforms-445-field_7_5-error\" required ><label class=\"wpforms-field-label-inline\" for=\"wpforms-445-field_7_5\">Autre<\/label><\/li><\/ul><\/fieldset><\/div><div id=\"wpforms-445-field_9-container\" class=\"wpforms-field wpforms-field-textarea\" data-field-id=\"9\"><label class=\"wpforms-field-label\" for=\"wpforms-445-field_9\">Pr\u00e9cisez votre demande : <span class=\"wpforms-required-label\" aria-hidden=\"true\">*<\/span><\/label><textarea id=\"wpforms-445-field_9\" class=\"wpforms-field-medium wpforms-field-required\" name=\"wpforms[fields][9]\" aria-errormessage=\"wpforms-445-field_9-error\" required><\/textarea><\/div><script>\n\t\t\t\t( function() {\n\t\t\t\t\tconst style = document.createElement( 'style' );\n\t\t\t\t\tstyle.appendChild( document.createTextNode( '#wpforms-445-field_1-container { position: absolute !important; overflow: hidden !important; display: inline !important; height: 1px !important; width: 1px !important; z-index: -1000 !important; padding: 0 !important; } #wpforms-445-field_1-container input { visibility: hidden; } #wpforms-conversational-form-page #wpforms-445-field_1-container label { counter-increment: none; }' ) );\n\t\t\t\t\tdocument.head.appendChild( style );\n\t\t\t\t\tdocument.currentScript?.remove();\n\t\t\t\t} )();\n\t\t\t<\/script><\/div><!-- .wpforms-field-container --><div class=\"wpforms-submit-container\" ><input type=\"hidden\" name=\"wpforms[id]\" value=\"445\"><input type=\"hidden\" name=\"page_title\" value=\"\"><input type=\"hidden\" name=\"page_url\" value=\"https:\/\/www.lateliersignature73.com\/index.php?rest_route=\/wp\/v2\/pages\/14\"><input type=\"hidden\" name=\"url_referer\" value=\"\"><button type=\"submit\" name=\"wpforms[submit]\" id=\"wpforms-submit-445\" class=\"wpforms-submit\" data-alt-text=\"Envoi...\" data-submit-text=\"Envoyer\" aria-live=\"assertive\" value=\"wpforms-submit\">Envoyer<\/button><img loading=\"lazy\" decoding=\"async\" src=\"https:\/\/www.lateliersignature73.com\/wp-content\/plugins\/wpforms-lite\/assets\/images\/submit-spin.svg\" class=\"wpforms-submit-spinner\" style=\"display: none;\" width=\"26\" height=\"26\" alt=\"Chargement en cours\"><\/div><\/form><\/div>  <!-- .wpforms-container -->","protected":false},"excerpt":{"rendered":"<p>Bienvenue sur la page de contact de L&rsquo;Atelier Signature, l&rsquo;endroit o\u00f9 chaque d\u00e9tail est pens\u00e9 pour sublimer votre beaut\u00e9 et vous offrir une exp\u00e9rience unique. Nous sommes l\u00e0 pour r\u00e9pondre &#8230;<\/p>\n","protected":false},"author":1,"featured_media":0,"parent":0,"menu_order":0,"comment_status":"closed","ping_status":"closed","template":"","meta":{"footnotes":""},"class_list":["post-14","page","type-page","status-publish","hentry"],"_links":{"self":[{"href":"https:\/\/www.lateliersignature73.com\/index.php?rest_route=\/wp\/v2\/pages\/14","targetHints":{"allow":["GET"]}}],"collection":[{"href":"https:\/\/www.lateliersignature73.com\/index.php?rest_route=\/wp\/v2\/pages"}],"about":[{"href":"https:\/\/www.lateliersignature73.com\/index.php?rest_route=\/wp\/v2\/types\/page"}],"author":[{"embeddable":true,"href":"https:\/\/www.lateliersignature73.com\/index.php?rest_route=\/wp\/v2\/users\/1"}],"replies":[{"embeddable":true,"href":"https:\/\/www.lateliersignature73.com\/index.php?rest_route=%2Fwp%2Fv2%2Fcomments&post=14"}],"version-history":[{"count":10,"href":"https:\/\/www.lateliersignature73.com\/index.php?rest_route=\/wp\/v2\/pages\/14\/revisions"}],"predecessor-version":[{"id":452,"href":"https:\/\/www.lateliersignature73.com\/index.php?rest_route=\/wp\/v2\/pages\/14\/revisions\/452"}],"wp:attachment":[{"href":"https:\/\/www.lateliersignature73.com\/index.php?rest_route=%2Fwp%2Fv2%2Fmedia&parent=14"}],"curies":[{"name":"wp","href":"https:\/\/api.w.org\/{rel}","templated":true}]}}