{"id":13,"date":"2025-02-09T23:29:31","date_gmt":"2025-02-09T22:29:31","guid":{"rendered":"http:\/\/ateliermanucure.com\/WP\/?page_id=13"},"modified":"2025-10-22T22:10:09","modified_gmt":"2025-10-22T20:10:09","slug":"a-propos-de","status":"publish","type":"page","link":"https:\/\/www.lateliersignature73.com\/","title":{"rendered":"\u00c0 propos de L&rsquo;Atelier Signature"},"content":{"rendered":"<div class=\"wp-block-image\">\n<figure class=\"alignleft size-full is-resized\"><img loading=\"lazy\" decoding=\"async\" width=\"1024\" height=\"1024\" src=\"https:\/\/ateliermanucure.com\/WP\/wp-content\/uploads\/2025\/10\/ChatGPT-Image-21-oct.-2025-09_23_46.png\" alt=\"\" class=\"wp-image-295\" style=\"width:145px;height:auto\" srcset=\"https:\/\/www.lateliersignature73.com\/wp-content\/uploads\/2025\/10\/ChatGPT-Image-21-oct.-2025-09_23_46.png 1024w, https:\/\/www.lateliersignature73.com\/wp-content\/uploads\/2025\/10\/ChatGPT-Image-21-oct.-2025-09_23_46-300x300.png 300w, https:\/\/www.lateliersignature73.com\/wp-content\/uploads\/2025\/10\/ChatGPT-Image-21-oct.-2025-09_23_46-150x150.png 150w, https:\/\/www.lateliersignature73.com\/wp-content\/uploads\/2025\/10\/ChatGPT-Image-21-oct.-2025-09_23_46-768x768.png 768w\" sizes=\"auto, (max-width: 1024px) 100vw, 1024px\" \/><\/figure>\n<\/div>\n\n\n<blockquote class=\"wp-block-quote is-layout-flow wp-block-quote-is-layout-flow\">\n<h3 class=\"wp-block-heading\">\u00c0 propos de L&rsquo;Atelier Signature<\/h3>\n\n\n\n<p>Bienvenue \u00e0 <strong>L\u2019Atelier Signature<\/strong>, un lieu o\u00f9 l\u2019expertise rencontre le bien-\u00eatre. Ici, chaque d\u00e9tail est pens\u00e9 pour cr\u00e9er une atmosph\u00e8re cocooning et intime, loin du tumulte du quotidien.<\/p>\n\n\n\n<p>Derri\u00e8re L\u2019Atelier Manucure, c\u2019est <strong>moi, Flora CALISTI<\/strong>. Depuis presque 15 ans, je mets ma passion et mon savoir-faire au service de la beaut\u00e9. Apr\u00e8s un <strong>Bachelor en gestion et marketing<\/strong>, j\u2019ai commenc\u00e9 ma carri\u00e8re en banque et en assurance avant de suivre mon v\u00e9ritable appel : l\u2019onglerie. \u00c0 <strong>24 ans<\/strong>, j\u2019ai pass\u00e9 mon <strong>CAP esth\u00e9tique<\/strong>, lan\u00e7ant ainsi mon premier projet entrepreneurial.<\/p>\n\n\n\n<p>En <strong>2012<\/strong>, je cr\u00e9e ma premi\u00e8re micro-entreprise en proposant des prestations \u00e0 domicile, puis j\u2019ouvre un studio pour accueillir ma client\u00e8le et mes premi\u00e8res \u00e9l\u00e8ves en formation. Rapidement, l\u2019aventure se poursuit avec l\u2019ouverture de mon premier institut \u00e0 Bissy, suivi, quatre ans plus tard, de <strong>L\u2019Atelier Manucure Avenue de Lyon<\/strong>, qui devient une r\u00e9f\u00e9rence \u00e0 Chamb\u00e9ry.<\/p>\n\n\n\n<p>Toujours en qu\u00eate d\u2019excellence, j\u2019ai suivi plus de <strong>50 formations en France et \u00e0 l\u2019\u00e9tranger<\/strong> (Hongrie, Belgique, Roumanie, Italie), me formant aupr\u00e8s des meilleurs experts, notamment des pays de l\u2019Est, r\u00e9put\u00e9s pour leur rigueur et leur technicit\u00e9. Cette exp\u00e9rience m\u2019a permis de d\u00e9velopper une minutie et un sens du d\u00e9tail qui font aujourd\u2019hui la signature de mon travail.<\/p>\n\n\n\n<h3 class=\"wp-block-heading\"><strong>Un retour aux sources : un institut plus intime et des prestations sur-mesures <\/strong><\/h3>\n\n\n\n<p>En <strong>2025<\/strong>, je fais le choix d\u2019un espace plus confidentiel, ax\u00e9 sur des prestations ultra-personnalis\u00e9es. Loin des instituts impersonnels, <strong>L\u2019Atelier Signature est un lieu de bien-\u00eatre total<\/strong>, o\u00f9 chaque soin devient une v\u00e9ritable parenth\u00e8se de d\u00e9tente et d\u2019\u00e9l\u00e9gance. La cliente est au coeur de mes pr\u00e9occupations et saura ressortir pleine de vie, sublim\u00e9e et enjou\u00e9e.<\/p>\n\n\n\n<p>Que vous recherchiez une <strong>manucure raffin\u00e9e, un soin personnalis\u00e9 pour vos ongles, vos pieds ou encore un soin Hydrafacial ou une \u00e9pilation d\u00e9finitive \u00e0 l&rsquo;\u00e9lectrolyse<\/strong>, ici, tout est con\u00e7u pour r\u00e9pondre \u00e0 vos besoins, dans une ambiance chaleureuse et apaisante.<\/p>\n\n\n\n<p><strong>L\u2019Atelier Signature, c\u2019est plus qu\u2019un institut : c\u2019est une exp\u00e9rience, une expertise et une passion que je partage avec vous<\/strong> : <strong>\u00ab\u00a0L&rsquo;esth\u00e9tique sur mesure\u00a0\u00bb.<\/strong><\/p>\n\n\n\n<p>\ud83d\udccd <strong>Envie d\u2019en savoir plus ?<\/strong> [Contactez-moi au 0761493675 ou Prenez RDV sur Booksy]<\/p>\n<\/blockquote>\n","protected":false},"excerpt":{"rendered":"<p>\u00c0 propos de L&rsquo;Atelier Signature<\/p>\n<p>Bienvenue \u00e0 L\u2019Atelier Signature, un lieu o\u00f9 l\u2019expertise rencontre le bien-\u00eatre. Ici, chaque d\u00e9tail est pens\u00e9 pour cr\u00e9er une atmosph\u00e8re cocooning et intime, loin du tumulte &#8230;<\/p>\n","protected":false},"author":1,"featured_media":0,"parent":0,"menu_order":0,"comment_status":"closed","ping_status":"closed","template":"","meta":{"footnotes":""},"class_list":["post-13","page","type-page","status-publish","hentry"],"_links":{"self":[{"href":"https:\/\/www.lateliersignature73.com\/index.php?rest_route=\/wp\/v2\/pages\/13","targetHints":{"allow":["GET"]}}],"collection":[{"href":"https:\/\/www.lateliersignature73.com\/index.php?rest_route=\/wp\/v2\/pages"}],"about":[{"href":"https:\/\/www.lateliersignature73.com\/index.php?rest_route=\/wp\/v2\/types\/page"}],"author":[{"embeddable":true,"href":"https:\/\/www.lateliersignature73.com\/index.php?rest_route=\/wp\/v2\/users\/1"}],"replies":[{"embeddable":true,"href":"https:\/\/www.lateliersignature73.com\/index.php?rest_route=%2Fwp%2Fv2%2Fcomments&post=13"}],"version-history":[{"count":8,"href":"https:\/\/www.lateliersignature73.com\/index.php?rest_route=\/wp\/v2\/pages\/13\/revisions"}],"predecessor-version":[{"id":322,"href":"https:\/\/www.lateliersignature73.com\/index.php?rest_route=\/wp\/v2\/pages\/13\/revisions\/322"}],"wp:attachment":[{"href":"https:\/\/www.lateliersignature73.com\/index.php?rest_route=%2Fwp%2Fv2%2Fmedia&parent=13"}],"curies":[{"name":"wp","href":"https:\/\/api.w.org\/{rel}","templated":true}]}}